{"id":808,"date":"2026-03-03T13:28:30","date_gmt":"2026-03-03T12:28:30","guid":{"rendered":"https:\/\/balcon.novae.website\/rgpd\/"},"modified":"2026-04-09T15:54:14","modified_gmt":"2026-04-09T14:54:14","slug":"rgpd","status":"publish","type":"page","link":"https:\/\/www.hoteldubalcon.fr\/es\/rgpd\/","title":{"rendered":"RGPD"},"content":{"rendered":"[vc_row type=\u00bbfull_width_content\u00bb full_screen_row_position=\u00bbmiddle\u00bb column_margin=\u00bbdefault\u00bb column_direction=\u00bbdefault\u00bb column_direction_tablet=\u00bbdefault\u00bb column_direction_phone=\u00bbdefault\u00bb scene_position=\u00bbcenter\u00bb top_padding=\u00bb4%\u00bb bottom_padding=\u00bb4%\u00bb left_padding_desktop=\u00bb64px\u00bb constrain_group_2=\u00bbyes\u00bb right_padding_desktop=\u00bb64px\u00bb left_padding_tablet=\u00bb16px\u00bb constrain_group_4=\u00bbyes\u00bb right_padding_tablet=\u00bb16px\u00bb text_color=\u00bbdark\u00bb text_align=\u00bbleft\u00bb row_border_radius=\u00bbnone\u00bb row_border_radius_applies=\u00bbbg\u00bb row_position_desktop=\u00bbdefault\u00bb row_position_tablet=\u00bbinherit\u00bb row_position_phone=\u00bbinherit\u00bb overflow=\u00bbvisible\u00bb overlay_strength=\u00bb0.3&#8243; gradient_direction=\u00bbleft_to_right\u00bb shape_divider_position=\u00bbbottom\u00bb bg_image_animation=\u00bbnone\u00bb gradient_type=\u00bbdefault\u00bb shape_type=\u00bb\u00bb][vc_column column_padding=\u00bbno-extra-padding\u00bb column_padding_tablet=\u00bbinherit\u00bb column_padding_phone=\u00bbinherit\u00bb column_padding_position=\u00bball\u00bb column_element_direction_desktop=\u00bbdefault\u00bb column_element_spacing=\u00bbdefault\u00bb desktop_text_alignment=\u00bbdefault\u00bb tablet_text_alignment=\u00bbdefault\u00bb phone_text_alignment=\u00bbdefault\u00bb background_color_opacity=\u00bb1&#8243; background_hover_color_opacity=\u00bb1&#8243; column_backdrop_filter=\u00bbnone\u00bb column_shadow=\u00bbnone\u00bb column_border_radius=\u00bbnone\u00bb column_link_target=\u00bb_self\u00bb column_position=\u00bbdefault\u00bb gradient_direction=\u00bbleft_to_right\u00bb overlay_strength=\u00bb0.3&#8243; width=\u00bb1\/1&#8243; tablet_width_inherit=\u00bbdefault\u00bb animation_type=\u00bbdefault\u00bb enable_animation=\u00bbtrue\u00bb animation=\u00bbfade-in-from-bottom\u00bb animation_easing=\u00bbdefault\u00bb bg_image_animation=\u00bbnone\u00bb border_type=\u00bbsimple\u00bb column_border_width=\u00bbnone\u00bb column_border_style=\u00bbsolid\u00bb column_padding_type=\u00bbdefault\u00bb content_layout=\u00bbdefault\u00bb gradient_type=\u00bbdefault\u00bb delay=\u00bb500&#8243;][vc_row_inner column_margin=\u00bbdefault\u00bb column_direction=\u00bbdefault\u00bb column_direction_tablet=\u00bbdefault\u00bb column_direction_phone=\u00bbdefault\u00bb bottom_padding=\u00bb4%\u00bb text_align=\u00bbleft\u00bb row_position=\u00bbdefault\u00bb row_position_tablet=\u00bbinherit\u00bb row_position_phone=\u00bbinherit\u00bb overflow=\u00bbvisible\u00bb pointer_events=\u00bball\u00bb][vc_column_inner column_padding=\u00bbno-extra-padding\u00bb column_padding_tablet=\u00bbinherit\u00bb column_padding_phone=\u00bbinherit\u00bb column_padding_position=\u00bball\u00bb flex_gap_desktop=\u00bb10px\u00bb column_element_direction_desktop=\u00bbdefault\u00bb column_element_spacing=\u00bbdefault\u00bb desktop_text_alignment=\u00bbdefault\u00bb tablet_text_alignment=\u00bbdefault\u00bb phone_text_alignment=\u00bbdefault\u00bb background_color_opacity=\u00bb1&#8243; background_hover_color_opacity=\u00bb1&#8243; column_backdrop_filter=\u00bbnone\u00bb column_shadow=\u00bbnone\u00bb column_border_radius=\u00bbnone\u00bb column_link_target=\u00bb_self\u00bb overflow=\u00bbvisible\u00bb gradient_direction=\u00bbleft_to_right\u00bb overlay_strength=\u00bb0.3&#8243; width=\u00bb1\/4&#8243; tablet_width_inherit=\u00bbdefault\u00bb animation_type=\u00bbdefault\u00bb bg_image_animation=\u00bbnone\u00bb border_type=\u00bbsimple\u00bb column_border_width=\u00bbnone\u00bb column_border_style=\u00bbsolid\u00bb][\/vc_column_inner][vc_column_inner column_padding=\u00bbno-extra-padding\u00bb column_padding_tablet=\u00bbinherit\u00bb column_padding_phone=\u00bbinherit\u00bb column_padding_position=\u00bball\u00bb flex_gap_desktop=\u00bb10px\u00bb column_element_direction_desktop=\u00bbdefault\u00bb column_element_spacing=\u00bbdefault\u00bb desktop_text_alignment=\u00bbdefault\u00bb tablet_text_alignment=\u00bbdefault\u00bb phone_text_alignment=\u00bbdefault\u00bb background_color_opacity=\u00bb1&#8243; background_hover_color_opacity=\u00bb1&#8243; column_backdrop_filter=\u00bbnone\u00bb column_shadow=\u00bbnone\u00bb column_border_radius=\u00bbnone\u00bb column_link_target=\u00bb_self\u00bb overflow=\u00bbvisible\u00bb gradient_direction=\u00bbleft_to_right\u00bb overlay_strength=\u00bb0.3&#8243; width=\u00bb2\/4&#8243; tablet_width_inherit=\u00bbdefault\u00bb animation_type=\u00bbdefault\u00bb bg_image_animation=\u00bbnone\u00bb border_type=\u00bbsimple\u00bb column_border_width=\u00bbnone\u00bb column_border_style=\u00bbsolid\u00bb][vc_column_text css=\u00bb\u00bb text_direction=\u00bbdefault\u00bb el_class=\u00bbinner_title\u00bb]\n<h1 style=\"text-align: center;\">Protecci\u00f3n de datos personales<\/h1>\n[\/vc_column_text][\/vc_column_inner][vc_column_inner column_padding=\u00bbno-extra-padding\u00bb column_padding_tablet=\u00bbinherit\u00bb column_padding_phone=\u00bbinherit\u00bb column_padding_position=\u00bball\u00bb flex_gap_desktop=\u00bb10px\u00bb column_element_direction_desktop=\u00bbdefault\u00bb column_element_spacing=\u00bbdefault\u00bb desktop_text_alignment=\u00bbdefault\u00bb tablet_text_alignment=\u00bbdefault\u00bb phone_text_alignment=\u00bbdefault\u00bb background_color_opacity=\u00bb1&#8243; background_hover_color_opacity=\u00bb1&#8243; column_backdrop_filter=\u00bbnone\u00bb column_shadow=\u00bbnone\u00bb column_border_radius=\u00bbnone\u00bb column_link_target=\u00bb_self\u00bb overflow=\u00bbvisible\u00bb gradient_direction=\u00bbleft_to_right\u00bb overlay_strength=\u00bb0.3&#8243; width=\u00bb1\/4&#8243; tablet_width_inherit=\u00bbdefault\u00bb animation_type=\u00bbdefault\u00bb bg_image_animation=\u00bbnone\u00bb border_type=\u00bbsimple\u00bb column_border_width=\u00bbnone\u00bb column_border_style=\u00bbsolid\u00bb][\/vc_column_inner][\/vc_row_inner][\/vc_column][\/vc_row][vc_row type=\u00bbin_container\u00bb full_screen_row_position=\u00bbmiddle\u00bb column_margin=\u00bbdefault\u00bb column_direction=\u00bbdefault\u00bb column_direction_tablet=\u00bbdefault\u00bb column_direction_phone=\u00bbdefault\u00bb scene_position=\u00bbcenter\u00bb bottom_padding=\u00bb4%\u00bb left_padding_desktop=\u00bb64px\u00bb constrain_group_2=\u00bbyes\u00bb right_padding_desktop=\u00bb64px\u00bb left_padding_tablet=\u00bb16px\u00bb constrain_group_4=\u00bbyes\u00bb right_padding_tablet=\u00bb16px\u00bb text_color=\u00bbdark\u00bb text_align=\u00bbleft\u00bb row_border_radius=\u00bbnone\u00bb row_border_radius_applies=\u00bbbg\u00bb row_position_desktop=\u00bbdefault\u00bb row_position_tablet=\u00bbinherit\u00bb row_position_phone=\u00bbinherit\u00bb overflow=\u00bbvisible\u00bb overlay_strength=\u00bb0.3&#8243; gradient_direction=\u00bbleft_to_right\u00bb shape_divider_position=\u00bbbottom\u00bb bg_image_animation=\u00bbnone\u00bb gradient_type=\u00bbdefault\u00bb shape_type=\u00bb\u00bb][vc_column column_padding=\u00bbno-extra-padding\u00bb column_padding_tablet=\u00bbinherit\u00bb column_padding_phone=\u00bbinherit\u00bb column_padding_position=\u00bball\u00bb column_element_direction_desktop=\u00bbdefault\u00bb column_element_spacing=\u00bbdefault\u00bb desktop_text_alignment=\u00bbdefault\u00bb tablet_text_alignment=\u00bbdefault\u00bb phone_text_alignment=\u00bbdefault\u00bb background_color_opacity=\u00bb1&#8243; background_hover_color_opacity=\u00bb1&#8243; column_backdrop_filter=\u00bbnone\u00bb column_shadow=\u00bbnone\u00bb column_border_radius=\u00bbnone\u00bb column_link_target=\u00bb_self\u00bb column_position=\u00bbdefault\u00bb gradient_direction=\u00bbleft_to_right\u00bb overlay_strength=\u00bb0.3&#8243; width=\u00bb1\/1&#8243; tablet_width_inherit=\u00bbdefault\u00bb animation_type=\u00bbdefault\u00bb enable_animation=\u00bbtrue\u00bb animation=\u00bbfade-in-from-bottom\u00bb animation_easing=\u00bbdefault\u00bb bg_image_animation=\u00bbnone\u00bb border_type=\u00bbsimple\u00bb column_border_width=\u00bbnone\u00bb column_border_style=\u00bbsolid\u00bb column_padding_type=\u00bbdefault\u00bb content_layout=\u00bbdefault\u00bb gradient_type=\u00bbdefault\u00bb delay=\u00bb500&#8243;][vc_row_inner equal_height=\u00bbyes\u00bb content_placement=\u00bbtop\u00bb column_margin=\u00bbdefault\u00bb column_direction=\u00bbdefault\u00bb column_direction_tablet=\u00bbdefault\u00bb column_direction_phone=\u00bbdefault\u00bb text_align=\u00bbleft\u00bb row_position=\u00bbdefault\u00bb row_position_tablet=\u00bbinherit\u00bb row_position_phone=\u00bbinherit\u00bb overflow=\u00bbvisible\u00bb pointer_events=\u00bball\u00bb][vc_column_inner column_element_direction_desktop=\u00bbdefault\u00bb column_element_spacing=\u00bbdefault\u00bb desktop_text_alignment=\u00bbdefault\u00bb tablet_text_alignment=\u00bbdefault\u00bb phone_text_alignment=\u00bbdefault\u00bb background_color_opacity=\u00bb1&#8243; background_hover_color_opacity=\u00bb1&#8243; column_backdrop_filter=\u00bbnone\u00bb column_shadow=\u00bbnone\u00bb column_border_radius=\u00bbnone\u00bb column_link_target=\u00bb_self\u00bb overflow=\u00bbvisible\u00bb gradient_direction=\u00bbleft_to_right\u00bb overlay_strength=\u00bb0.3&#8243; width=\u00bb1\/1&#8243; tablet_width_inherit=\u00bbdefault\u00bb animation_type=\u00bbdefault\u00bb bg_image_animation=\u00bbnone\u00bb border_type=\u00bbsimple\u00bb column_border_width=\u00bbnone\u00bb column_border_style=\u00bbsolid\u00bb column_padding_type=\u00bbadvanced\u00bb content_layout=\u00bbdefault\u00bb gradient_type=\u00bbdefault\u00bb][vc_column_text css=\u00bb\u00bb text_direction=\u00bbdefault\u00bb]\n<h3>DATOS PERSONALES RECOPILADOS<\/h3>\n<p>En el sitio web www.hotel-dubalcon.fr se recopilan dos tipos de datos personales.<\/p>\n<ul>\n<li>Datos introducidos y enviados mediante formularios<\/li>\n<li>Donn\u00e9es collect\u00e9es par l\u2019outil de mesure d\u2019audience Google Analytics<\/li>\n<\/ul>\n<p>&nbsp;<\/p>\n<h3>RESPONSABLE DEL TRATAMIENTO<\/h3>\n<p>Los datos personales son recopilados en el sitio por la empresa H\u00f4tel du Balcon, una sociedad de responsabilidad limitada registrada en el RCS de Par\u00eds &#8211; 421 962 614 y cuyo domicilio social se encuentra en Place de l&#8217;h\u00f4tel de ville 40130 Capbreton.<\/p>\n<h3>FINALIDAD DE LA RECOPILACI\u00d3N DE DATOS PERSONALES<\/h3>\n<p>La finalidad de la recopilaci\u00f3n de datos personales a trav\u00e9s de los distintos formularios del sitio web es:<\/p>\n<ul>\n<li>Contacta con las personas que hayan registrado una reserva en la p\u00e1gina web.<\/li>\n<li>Permitir el env\u00edo de boletines informativos a trav\u00e9s de nuestros servicios.<\/li>\n<\/ul>\n<p>Al enviar el formulario y marcar las casillas de consentimiento correspondientes, el usuario acepta expresamente el tratamiento de sus datos personales para la finalidad de la relaci\u00f3n comercial.<\/p>\n<p>La finalidad de recopilar datos personales a trav\u00e9s de la herramienta de seguimiento de audiencia Google Analytics utilizada en el sitio es la siguiente:<\/p>\n<ul>\n<li>Analizar el comportamiento de los usuarios en el sitio web para medir su audiencia y mejorar su rendimiento.<\/li>\n<\/ul>\n<p>Google Analytics utiliza cookies de terceros para distinguir a los usuarios. Las cookies son archivos de texto que se almacenan en los dispositivos de los usuarios. No contienen informaci\u00f3n que permita identificar personalmente a los usuarios, solo identificadores generados aleatoriamente.  <\/p>\n<p>Al navegar por el sitio, el usuario acepta expresamente el tratamiento de los datos personales recogidos por Google Analytics con el fin de analizar el comportamiento del usuario y as\u00ed mejorar el rendimiento del sitio.<\/p>\n<h3>PERIODO DE CONSERVACI\u00d3N DE DATOS PERSONALES<\/h3>\n<p>Los datos recogidos a trav\u00e9s de los formularios se conservan durante un per\u00edodo de 2 a\u00f1os a partir de la fecha de env\u00edo del formulario.<\/p>\n<p>Las cookies utilizadas por la herramienta de medici\u00f3n de audiencia de Google Analytics tienen los siguientes periodos de validez:<\/p>\n<p>_ga: 2 a\u00f1os<br \/>\n_gid: 24 horas<br \/>\n_gat: 1 minuto<\/p>\n<h3>CONFIDENCIALIDAD DE LOS DATOS PERSONALES<\/h3>\n<p>Los datos personales que le conciernen y que son recopilados por el sitio www.hotel-dubalcon.fr est\u00e1n destinados exclusivamente a la empresa Le Balcon y solo se utilizar\u00e1n en relaci\u00f3n con la solicitud realizada a trav\u00e9s del formulario.<\/p>\n<p>En ning\u00fan caso los datos personales introducidos y enviados en los formularios ser\u00e1n transmitidos, alquilados o vendidos a terceros.<\/p>\n<p>Los empleados del hotel Balcon firmar\u00e1n un acuerdo de confidencialidad que les obliga a respetar la confidencialidad de los datos bajo pena de sanciones.<\/p>\n<h3>UBICACI\u00d3N PARA EL ALMACENAMIENTO DE DATOS PERSONALES<\/h3>\n<p>Los servidores que alojan el sitio web est\u00e1n ubicados exclusivamente en Francia, dentro de la Uni\u00f3n Europea.<\/p>\n<p>Le Balcon se compromete a no transferir ning\u00fan dato personal a un Estado que no sea miembro de la Comunidad Europea.<\/p>\n<h3>SEGURIDAD DE LOS DATOS PERSONALES<\/h3>\n<p>El sitio web est\u00e1 alojado en nuestros propios servidores seguros.<\/p>\n<p>Todas las p\u00e1ginas utilizan HTTPS, TLS 1.2 y cifrado RSA de 2048 bits (SHA256withRSA). Este protocolo de seguridad cifra el contenido de las comunicaciones entre el navegador y los servidores de la base de datos. Esto impide que terceros puedan leer f\u00e1cilmente los datos personales introducidos y enviados a trav\u00e9s de formularios durante la transmisi\u00f3n.  <\/p>\n<p>Sin embargo, ninguna transmisi\u00f3n ni almacenamiento de datos personales es completamente seguro. Por consiguiente, no podemos garantizar la seguridad absoluta de la informaci\u00f3n transmitida o almacenada en nuestros servidores. <\/p>\n<h3>RESPONSABLE DE PROTECCI\u00d3N DE DATOS<\/h3>\n<p>Marion Richard Marquebielle es la responsable de protecci\u00f3n de datos (RPD) del H\u00f4tel du Balcon. Entre sus funciones, se encuentra garantizar que las actividades de la empresa cumplan con el nuevo marco jur\u00eddico europeo del RGPD y cooperar con la autoridad de control. <\/p>\n<p>Puede contactar con \u00e9l por correo electr\u00f3nico en hoteldubalcon@gmail.com o por correo postal a la siguiente direcci\u00f3n: Hotel du Balcon Data Protection Officer \u2013 Place de l&#8217;h\u00f4tel de ville 40130 Capbreton<\/p>\n<h3>Puede contactar con \u00e9l por correo electr\u00f3nico en hoteldubalcon@gmail.com o por correo postal a la siguiente direcci\u00f3n: Hotel du Balcon Data Protection Officer \u2013 Place de l&#8217;h\u00f4tel de ville 40130 Capbreton<\/h3>\n<p>De conformidad con la Ley francesa de protecci\u00f3n de datos de 6 de enero de 1978, en su versi\u00f3n modificada, y el Reglamento General de Protecci\u00f3n de Datos (RGPD) europeo 2016\/679, usted tiene derecho a acceder, rectificar y suprimir sus datos personales. Puede ejercer estos derechos <a href=\"https:\/\/www.novaresa.net\/order-history.php\" target=\"_blank\" rel=\"nofollow noopener\">accediendo a una de sus reservas<\/a> o enviando una carta a H\u00f4tel du Balcon, Place de l&#8217;H\u00f4tel de Ville, 40130 Capbreton, Francia. [\/vc_column_text][\/vc_column_inner][\/vc_row_inner][\/vc_column][\/vc_row]\n","protected":false},"excerpt":{"rendered":"<p>[vc_row type=\u00bbfull_width_content\u00bb full_screen_row_position=\u00bbmiddle\u00bb column_margin=\u00bbdefault\u00bb column_direction=\u00bbdefault\u00bb column_direction_tablet=\u00bbdefault\u00bb column_direction_phone=\u00bbdefault\u00bb scene_position=\u00bbcenter\u00bb top_padding=\u00bb4%\u00bb bottom_padding=\u00bb4%\u00bb left_padding_desktop=\u00bb64px\u00bb constrain_group_2=\u00bbyes\u00bb right_padding_desktop=\u00bb64px\u00bb left_padding_tablet=\u00bb16px\u00bb constrain_group_4=\u00bbyes\u00bb right_padding_tablet=\u00bb16px\u00bb text_color=\u00bbdark\u00bb text_align=\u00bbleft\u00bb row_border_radius=\u00bbnone\u00bb row_border_radius_applies=\u00bbbg\u00bb row_position_desktop=\u00bbdefault\u00bb row_position_tablet=\u00bbinherit\u00bb row_position_phone=\u00bbinherit\u00bb overflow=\u00bbvisible\u00bb overlay_strength=\u00bb0.3&#8243; gradient_direction=\u00bbleft_to_right\u00bb shape_divider_position=\u00bbbottom\u00bb bg_image_animation=\u00bbnone\u00bb gradient_type=\u00bbdefault\u00bb shape_type=\u00bb\u00bb][vc_column&#8230;<\/p>\n","protected":false},"author":1,"featured_media":0,"parent":0,"menu_order":0,"comment_status":"closed","ping_status":"closed","template":"","meta":{"inline_featured_image":false,"footnotes":""},"class_list":["post-808","page","type-page","status-publish"],"yoast_head":"<!-- This site is optimized with the Yoast SEO plugin v27.4 - https:\/\/yoast.com\/product\/yoast-seo-wordpress\/ -->\n<title>RGPD - H\u00f4tel Restaurant du Balcon<\/title>\n<meta name=\"robots\" content=\"index, follow, max-snippet:-1, max-image-preview:large, max-video-preview:-1\" \/>\n<link rel=\"canonical\" href=\"https:\/\/www.hoteldubalcon.fr\/es\/rgpd\/\" \/>\n<meta property=\"og:locale\" content=\"es_ES\" \/>\n<meta property=\"og:type\" content=\"article\" \/>\n<meta property=\"og:title\" content=\"RGPD - H\u00f4tel Restaurant du Balcon\" \/>\n<meta property=\"og:description\" content=\"[vc_row type=\u00bbfull_width_content\u00bb full_screen_row_position=\u00bbmiddle\u00bb column_margin=\u00bbdefault\u00bb column_direction=\u00bbdefault\u00bb column_direction_tablet=\u00bbdefault\u00bb column_direction_phone=\u00bbdefault\u00bb scene_position=\u00bbcenter\u00bb top_padding=\u00bb4%\u00bb bottom_padding=\u00bb4%\u00bb left_padding_desktop=\u00bb64px\u00bb constrain_group_2=\u00bbyes\u00bb right_padding_desktop=\u00bb64px\u00bb left_padding_tablet=\u00bb16px\u00bb constrain_group_4=\u00bbyes\u00bb right_padding_tablet=\u00bb16px\u00bb text_color=\u00bbdark\u00bb text_align=\u00bbleft\u00bb row_border_radius=\u00bbnone\u00bb row_border_radius_applies=\u00bbbg\u00bb row_position_desktop=\u00bbdefault\u00bb row_position_tablet=\u00bbinherit\u00bb row_position_phone=\u00bbinherit\u00bb overflow=\u00bbvisible\u00bb overlay_strength=\u00bb0.3&#8243; gradient_direction=\u00bbleft_to_right\u00bb shape_divider_position=\u00bbbottom\u00bb bg_image_animation=\u00bbnone\u00bb gradient_type=\u00bbdefault\u00bb shape_type=\u00bb\u00bb][vc_column...\" \/>\n<meta property=\"og:url\" content=\"https:\/\/www.hoteldubalcon.fr\/es\/rgpd\/\" \/>\n<meta property=\"og:site_name\" content=\"H\u00f4tel Restaurant du Balcon\" \/>\n<meta property=\"article:modified_time\" content=\"2026-04-09T14:54:14+00:00\" \/>\n<meta property=\"og:image\" content=\"https:\/\/www.hoteldubalcon.fr\/wp-content\/uploads\/2026\/04\/VUE-6.webp\" \/>\n\t<meta property=\"og:image:width\" content=\"1440\" \/>\n\t<meta property=\"og:image:height\" content=\"961\" \/>\n\t<meta property=\"og:image:type\" content=\"image\/webp\" \/>\n<meta name=\"twitter:card\" content=\"summary_large_image\" \/>\n<meta name=\"twitter:label1\" content=\"Tiempo de lectura\" \/>\n\t<meta name=\"twitter:data1\" content=\"9 minutos\" \/>\n<script type=\"application\/ld+json\" class=\"yoast-schema-graph\">{\"@context\":\"https:\\\/\\\/schema.org\",\"@graph\":[{\"@type\":\"WebPage\",\"@id\":\"https:\\\/\\\/www.hoteldubalcon.fr\\\/es\\\/rgpd\\\/\",\"url\":\"https:\\\/\\\/www.hoteldubalcon.fr\\\/es\\\/rgpd\\\/\",\"name\":\"RGPD - H\u00f4tel Restaurant du Balcon\",\"isPartOf\":{\"@id\":\"https:\\\/\\\/www.hoteldubalcon.fr\\\/#website\"},\"datePublished\":\"2026-03-03T12:28:30+00:00\",\"dateModified\":\"2026-04-09T14:54:14+00:00\",\"breadcrumb\":{\"@id\":\"https:\\\/\\\/www.hoteldubalcon.fr\\\/es\\\/rgpd\\\/#breadcrumb\"},\"inLanguage\":\"es\",\"potentialAction\":[{\"@type\":\"ReadAction\",\"target\":[\"https:\\\/\\\/www.hoteldubalcon.fr\\\/es\\\/rgpd\\\/\"]}]},{\"@type\":\"BreadcrumbList\",\"@id\":\"https:\\\/\\\/www.hoteldubalcon.fr\\\/es\\\/rgpd\\\/#breadcrumb\",\"itemListElement\":[{\"@type\":\"ListItem\",\"position\":1,\"name\":\"Accueil\",\"item\":\"https:\\\/\\\/www.hoteldubalcon.fr\\\/es\\\/\"},{\"@type\":\"ListItem\",\"position\":2,\"name\":\"RGPD\"}]},{\"@type\":\"WebSite\",\"@id\":\"https:\\\/\\\/www.hoteldubalcon.fr\\\/#website\",\"url\":\"https:\\\/\\\/www.hoteldubalcon.fr\\\/\",\"name\":\"H\u00f4tel Restaurant du Balcon\",\"description\":\"H\u00f4tel de charme au centre de Capbreton\",\"publisher\":{\"@id\":\"https:\\\/\\\/www.hoteldubalcon.fr\\\/#organization\"},\"potentialAction\":[{\"@type\":\"SearchAction\",\"target\":{\"@type\":\"EntryPoint\",\"urlTemplate\":\"https:\\\/\\\/www.hoteldubalcon.fr\\\/?s={search_term_string}\"},\"query-input\":{\"@type\":\"PropertyValueSpecification\",\"valueRequired\":true,\"valueName\":\"search_term_string\"}}],\"inLanguage\":\"es\"},{\"@type\":\"Organization\",\"@id\":\"https:\\\/\\\/www.hoteldubalcon.fr\\\/#organization\",\"name\":\"H\u00f4tel Restaurant du Balcon\",\"url\":\"https:\\\/\\\/www.hoteldubalcon.fr\\\/\",\"logo\":{\"@type\":\"ImageObject\",\"inLanguage\":\"es\",\"@id\":\"https:\\\/\\\/www.hoteldubalcon.fr\\\/#\\\/schema\\\/logo\\\/image\\\/\",\"url\":\"https:\\\/\\\/www.hoteldubalcon.fr\\\/wp-content\\\/uploads\\\/2026\\\/03\\\/Logo_balcon_B.svg\",\"contentUrl\":\"https:\\\/\\\/www.hoteldubalcon.fr\\\/wp-content\\\/uploads\\\/2026\\\/03\\\/Logo_balcon_B.svg\",\"width\":245,\"height\":39,\"caption\":\"H\u00f4tel Restaurant du Balcon\"},\"image\":{\"@id\":\"https:\\\/\\\/www.hoteldubalcon.fr\\\/#\\\/schema\\\/logo\\\/image\\\/\"},\"sameAs\":[\"https:\\\/\\\/www.instagram.com\\\/hoteldubalcon\\\/\"]}]}<\/script>\n<!-- \/ Yoast SEO plugin. -->","yoast_head_json":{"title":"RGPD - H\u00f4tel Restaurant du Balcon","robots":{"index":"index","follow":"follow","max-snippet":"max-snippet:-1","max-image-preview":"max-image-preview:large","max-video-preview":"max-video-preview:-1"},"canonical":"https:\/\/www.hoteldubalcon.fr\/es\/rgpd\/","og_locale":"es_ES","og_type":"article","og_title":"RGPD - H\u00f4tel Restaurant du Balcon","og_description":"[vc_row type=\u00bbfull_width_content\u00bb full_screen_row_position=\u00bbmiddle\u00bb column_margin=\u00bbdefault\u00bb column_direction=\u00bbdefault\u00bb column_direction_tablet=\u00bbdefault\u00bb column_direction_phone=\u00bbdefault\u00bb scene_position=\u00bbcenter\u00bb top_padding=\u00bb4%\u00bb bottom_padding=\u00bb4%\u00bb left_padding_desktop=\u00bb64px\u00bb constrain_group_2=\u00bbyes\u00bb right_padding_desktop=\u00bb64px\u00bb left_padding_tablet=\u00bb16px\u00bb constrain_group_4=\u00bbyes\u00bb right_padding_tablet=\u00bb16px\u00bb text_color=\u00bbdark\u00bb text_align=\u00bbleft\u00bb row_border_radius=\u00bbnone\u00bb row_border_radius_applies=\u00bbbg\u00bb row_position_desktop=\u00bbdefault\u00bb row_position_tablet=\u00bbinherit\u00bb row_position_phone=\u00bbinherit\u00bb overflow=\u00bbvisible\u00bb overlay_strength=\u00bb0.3&#8243; gradient_direction=\u00bbleft_to_right\u00bb shape_divider_position=\u00bbbottom\u00bb bg_image_animation=\u00bbnone\u00bb gradient_type=\u00bbdefault\u00bb shape_type=\u00bb\u00bb][vc_column...","og_url":"https:\/\/www.hoteldubalcon.fr\/es\/rgpd\/","og_site_name":"H\u00f4tel Restaurant du Balcon","article_modified_time":"2026-04-09T14:54:14+00:00","og_image":[{"width":1440,"height":961,"url":"https:\/\/www.hoteldubalcon.fr\/wp-content\/uploads\/2026\/04\/VUE-6.webp","type":"image\/webp"}],"twitter_card":"summary_large_image","twitter_misc":{"Tiempo de lectura":"9 minutos"},"schema":{"@context":"https:\/\/schema.org","@graph":[{"@type":"WebPage","@id":"https:\/\/www.hoteldubalcon.fr\/es\/rgpd\/","url":"https:\/\/www.hoteldubalcon.fr\/es\/rgpd\/","name":"RGPD - H\u00f4tel Restaurant du Balcon","isPartOf":{"@id":"https:\/\/www.hoteldubalcon.fr\/#website"},"datePublished":"2026-03-03T12:28:30+00:00","dateModified":"2026-04-09T14:54:14+00:00","breadcrumb":{"@id":"https:\/\/www.hoteldubalcon.fr\/es\/rgpd\/#breadcrumb"},"inLanguage":"es","potentialAction":[{"@type":"ReadAction","target":["https:\/\/www.hoteldubalcon.fr\/es\/rgpd\/"]}]},{"@type":"BreadcrumbList","@id":"https:\/\/www.hoteldubalcon.fr\/es\/rgpd\/#breadcrumb","itemListElement":[{"@type":"ListItem","position":1,"name":"Accueil","item":"https:\/\/www.hoteldubalcon.fr\/es\/"},{"@type":"ListItem","position":2,"name":"RGPD"}]},{"@type":"WebSite","@id":"https:\/\/www.hoteldubalcon.fr\/#website","url":"https:\/\/www.hoteldubalcon.fr\/","name":"H\u00f4tel Restaurant du Balcon","description":"H\u00f4tel de charme au centre de Capbreton","publisher":{"@id":"https:\/\/www.hoteldubalcon.fr\/#organization"},"potentialAction":[{"@type":"SearchAction","target":{"@type":"EntryPoint","urlTemplate":"https:\/\/www.hoteldubalcon.fr\/?s={search_term_string}"},"query-input":{"@type":"PropertyValueSpecification","valueRequired":true,"valueName":"search_term_string"}}],"inLanguage":"es"},{"@type":"Organization","@id":"https:\/\/www.hoteldubalcon.fr\/#organization","name":"H\u00f4tel Restaurant du Balcon","url":"https:\/\/www.hoteldubalcon.fr\/","logo":{"@type":"ImageObject","inLanguage":"es","@id":"https:\/\/www.hoteldubalcon.fr\/#\/schema\/logo\/image\/","url":"https:\/\/www.hoteldubalcon.fr\/wp-content\/uploads\/2026\/03\/Logo_balcon_B.svg","contentUrl":"https:\/\/www.hoteldubalcon.fr\/wp-content\/uploads\/2026\/03\/Logo_balcon_B.svg","width":245,"height":39,"caption":"H\u00f4tel Restaurant du Balcon"},"image":{"@id":"https:\/\/www.hoteldubalcon.fr\/#\/schema\/logo\/image\/"},"sameAs":["https:\/\/www.instagram.com\/hoteldubalcon\/"]}]}},"_links":{"self":[{"href":"https:\/\/www.hoteldubalcon.fr\/es\/wp-json\/wp\/v2\/pages\/808","targetHints":{"allow":["GET"]}}],"collection":[{"href":"https:\/\/www.hoteldubalcon.fr\/es\/wp-json\/wp\/v2\/pages"}],"about":[{"href":"https:\/\/www.hoteldubalcon.fr\/es\/wp-json\/wp\/v2\/types\/page"}],"author":[{"embeddable":true,"href":"https:\/\/www.hoteldubalcon.fr\/es\/wp-json\/wp\/v2\/users\/1"}],"replies":[{"embeddable":true,"href":"https:\/\/www.hoteldubalcon.fr\/es\/wp-json\/wp\/v2\/comments?post=808"}],"version-history":[{"count":2,"href":"https:\/\/www.hoteldubalcon.fr\/es\/wp-json\/wp\/v2\/pages\/808\/revisions"}],"predecessor-version":[{"id":810,"href":"https:\/\/www.hoteldubalcon.fr\/es\/wp-json\/wp\/v2\/pages\/808\/revisions\/810"}],"wp:attachment":[{"href":"https:\/\/www.hoteldubalcon.fr\/es\/wp-json\/wp\/v2\/media?parent=808"}],"curies":[{"name":"wp","href":"https:\/\/api.w.org\/{rel}","templated":true}]}}